{"id":6691,"date":"2013-12-27T12:24:59","date_gmt":"2013-12-27T11:24:59","guid":{"rendered":"https:\/\/viceversa.com.es\/contact\/"},"modified":"2024-09-03T10:57:44","modified_gmt":"2024-09-03T08:57:44","slug":"contact","status":"publish","type":"page","link":"https:\/\/viceversa.com.es\/en\/contact\/","title":{"rendered":"Contact"},"content":{"rendered":"<p>[et_pb_section fb_built=&#8221;1&#8243; _builder_version=&#8221;4.22.2&#8243; _module_preset=&#8221;default&#8221; global_colors_info=&#8221;{}&#8221;][et_pb_row _builder_version=&#8221;4.20.4&#8243; _module_preset=&#8221;default&#8221; width=&#8221;100%&#8221; max_width=&#8221;2560px&#8221; module_alignment=&#8221;center&#8221; locked=&#8221;off&#8221; global_colors_info=&#8221;{}&#8221;][et_pb_column type=&#8221;4_4&#8243; _builder_version=&#8221;4.20.4&#8243; _module_preset=&#8221;default&#8221; global_colors_info=&#8221;{}&#8221;][et_pb_text _builder_version=&#8221;4.22.2&#8243; _module_preset=&#8221;default&#8221; header_2_font=&#8221;Open Sans|700|||||||&#8221; header_2_text_align=&#8221;center&#8221; module_alignment=&#8221;center&#8221; custom_margin=&#8221;-1px|||||&#8221; custom_padding=&#8221;20px||20px||true|false&#8221; custom_css_before=&#8221;content:&#8221;;||width:56vw;||height:100%;||background-color: #FEF200;||display: flex;||position:absolute;||top:0;||&#8221; global_colors_info=&#8221;{}&#8221; custom_css_before_last_edited=&#8221;on|phone&#8221; custom_css_before_tablet=&#8221;content:&#8221;;||width:72vw;||height:100%;||background-color: #FEF200;||display: flex;||position:absolute;||top:0;&#8221; custom_css_before_phone=&#8221;content:&#8221;;||width:90vw;||height:100%;||background-color: #FEF200;||display: flex;||position:absolute;||top:0;&#8221;]<\/p>\n<h2>Contact<\/h2>\n<p>[\/et_pb_text][\/et_pb_column][\/et_pb_row][\/et_pb_section][et_pb_section fb_built=&#8221;1&#8243; _builder_version=&#8221;4.22.2&#8243; _module_preset=&#8221;default&#8221; border_color_top=&#8221;#FFE217&#8243; global_colors_info=&#8221;{}&#8221;][et_pb_row column_structure=&#8221;1_2,1_2&#8243; _builder_version=&#8221;4.21.0&#8243; _module_preset=&#8221;default&#8221; custom_css_main_element=&#8221;display: flex;||align-items: flex-end;&#8221; global_colors_info=&#8221;{}&#8221; custom_css_main_element_last_edited=&#8221;on|tablet&#8221; custom_css_main_element_tablet=&#8221;display:flex;||flex-direction: column-reverse;&#8221; custom_css_main_element_phone=&#8221;display:flex;||flex-direction: column-reverse;&#8221;][et_pb_column type=&#8221;1_2&#8243; _builder_version=&#8221;4.21.0&#8243; _module_preset=&#8221;default&#8221; global_colors_info=&#8221;{}&#8221;][et_pb_text _builder_version=&#8221;4.22.2&#8243; _module_preset=&#8221;default&#8221; text_font=&#8221;||||||||&#8221; text_text_color=&#8221;#000000&#8243; header_4_text_color=&#8221;#000000&#8243; header_4_font_size=&#8221;20px&#8221; global_colors_info=&#8221;{}&#8221;]<\/p>\n<h4>I have a question?<\/h4>\n<p>Thank you for taking the time to contact us!<br \/>\nWe do our best to respond quickly, but due to the volume of mail we receive, it may take 2-3 days to get back to you. <\/p>\n<p>[\/et_pb_text][et_pb_text _builder_version=&#8221;4.22.2&#8243; _module_preset=&#8221;default&#8221; text_font=&#8221;||||||||&#8221; text_text_color=&#8221;#000000&#8243; header_4_text_color=&#8221;#000000&#8243; header_4_font_size=&#8221;20px&#8221; global_colors_info=&#8221;{}&#8221;]<\/p>\n<h4>Address<\/h4>\n<p>Gran Avda.<br \/>\nJaume I, 139, bajo.<br \/>Apts.<br \/>\nG\u00e9minis II.<br \/>12560, Benic\u00e0ssim, Castell\u00f3n (Spain).  <\/p>\n<p>[\/et_pb_text][et_pb_text _builder_version=&#8221;4.22.2&#8243; _module_preset=&#8221;default&#8221; text_font=&#8221;||||||||&#8221; text_text_color=&#8221;#000000&#8243; header_4_text_color=&#8221;#000000&#8243; header_4_font_size=&#8221;20px&#8221; hover_enabled=&#8221;0&#8243; global_colors_info=&#8221;{}&#8221; link_text_color=&#8221;#000000&#8243; sticky_enabled=&#8221;0&#8243;]<\/p>\n<h4>Email<\/h4>\n<p><a href=\"mailto:hola@viceversa.com.es\">hola@viceversa.com.es<\/a><\/p>\n<p>[\/et_pb_text][et_pb_text _builder_version=&#8221;4.22.2&#8243; _module_preset=&#8221;default&#8221; text_font=&#8221;||||||||&#8221; text_text_color=&#8221;#000000&#8243; header_4_text_color=&#8221;#000000&#8243; header_4_font_size=&#8221;20px&#8221; hover_enabled=&#8221;0&#8243; global_colors_info=&#8221;{}&#8221; link_text_color=&#8221;#000000&#8243; sticky_enabled=&#8221;0&#8243;]<\/p>\n<h4>Phone<\/h4>\n<p><a href=\"tel:+34964303588\">+34 964 30 35 88<\/a><\/p>\n<p>[\/et_pb_text][\/et_pb_column][et_pb_column type=&#8221;1_2&#8243; _builder_version=&#8221;4.21.0&#8243; _module_preset=&#8221;default&#8221; global_colors_info=&#8221;{}&#8221;][et_pb_contact_form captcha=&#8221;off&#8221; email=&#8221;hola@viceversa.com.es&#8221; custom_message=&#8221;%%mes%%&#8221; _builder_version=&#8221;4.22.2&#8243; _module_preset=&#8221;default&#8221; _unique_id=&#8221;f0eae193-17be-4c82-bbf3-28ded29c31b3&#8243; form_field_background_color=&#8221;#FFFFFF&#8221; form_field_text_color=&#8221;#000000&#8243; form_field_focus_text_color=&#8221;#000000&#8243; title_font=&#8221;Open Sans|700|||||||&#8221; title_text_color=&#8221;#1574B7&#8243; form_field_font=&#8221;Open Sans||||||||&#8221; custom_button=&#8221;on&#8221; button_text_color=&#8221;#000000&#8243; button_bg_color=&#8221;#FEF200&#8243; button_border_width=&#8221;0px&#8221; button_font=&#8221;Open Sans|700|||||||&#8221; button_use_icon=&#8221;off&#8221; custom_margin=&#8221;||||false|false&#8221; custom_margin_tablet=&#8221;||50px||false|false&#8221; custom_margin_phone=&#8221;||50px||false|false&#8221; custom_margin_last_edited=&#8221;on|tablet&#8221; border_color_all=&#8221;#000000&#8243; border_width_bottom=&#8221;2px&#8221; border_color_bottom=&#8221;#FEF200&#8243; global_colors_info=&#8221;{}&#8221;][et_pb_contact_field field_id=&#8221;nom&#8221; field_title=&#8221;Name&#8221; _builder_version=&#8221;4.21.0&#8243; global_colors_info=&#8221;{}&#8221; button_text_size__hover_enabled=&#8221;off&#8221; button_one_text_size__hover_enabled=&#8221;off&#8221; button_two_text_size__hover_enabled=&#8221;off&#8221; button_text_color__hover_enabled=&#8221;off&#8221; button_one_text_color__hover_enabled=&#8221;off&#8221; button_two_text_color__hover_enabled=&#8221;off&#8221; button_border_width__hover_enabled=&#8221;off&#8221; button_one_border_width__hover_enabled=&#8221;off&#8221; button_two_border_width__hover_enabled=&#8221;off&#8221; button_border_color__hover_enabled=&#8221;off&#8221; button_one_border_color__hover_enabled=&#8221;off&#8221; button_two_border_color__hover_enabled=&#8221;off&#8221; button_border_radius__hover_enabled=&#8221;off&#8221; button_one_border_radius__hover_enabled=&#8221;off&#8221; button_two_border_radius__hover_enabled=&#8221;off&#8221; button_letter_spacing__hover_enabled=&#8221;off&#8221; button_one_letter_spacing__hover_enabled=&#8221;off&#8221; button_two_letter_spacing__hover_enabled=&#8221;off&#8221; button_bg_color__hover_enabled=&#8221;off&#8221; button_one_bg_color__hover_enabled=&#8221;off&#8221; button_two_bg_color__hover_enabled=&#8221;off&#8221;][\/et_pb_contact_field][et_pb_contact_field field_id=&#8221;tel&#8221; field_title=&#8221;Phone&#8221; allowed_symbols=&#8221;numbers&#8221; _builder_version=&#8221;4.21.0&#8243; global_colors_info=&#8221;{}&#8221; button_text_size__hover_enabled=&#8221;off&#8221; button_one_text_size__hover_enabled=&#8221;off&#8221; button_two_text_size__hover_enabled=&#8221;off&#8221; button_text_color__hover_enabled=&#8221;off&#8221; button_one_text_color__hover_enabled=&#8221;off&#8221; button_two_text_color__hover_enabled=&#8221;off&#8221; button_border_width__hover_enabled=&#8221;off&#8221; button_one_border_width__hover_enabled=&#8221;off&#8221; button_two_border_width__hover_enabled=&#8221;off&#8221; button_border_color__hover_enabled=&#8221;off&#8221; button_one_border_color__hover_enabled=&#8221;off&#8221; button_two_border_color__hover_enabled=&#8221;off&#8221; button_border_radius__hover_enabled=&#8221;off&#8221; button_one_border_radius__hover_enabled=&#8221;off&#8221; button_two_border_radius__hover_enabled=&#8221;off&#8221; button_letter_spacing__hover_enabled=&#8221;off&#8221; button_one_letter_spacing__hover_enabled=&#8221;off&#8221; button_two_letter_spacing__hover_enabled=&#8221;off&#8221; button_bg_color__hover_enabled=&#8221;off&#8221; button_one_bg_color__hover_enabled=&#8221;off&#8221; button_two_bg_color__hover_enabled=&#8221;off&#8221;][\/et_pb_contact_field][et_pb_contact_field field_id=&#8221;mail&#8221; field_title=&#8221;E-mail address&#8221; field_type=&#8221;email&#8221; fullwidth_field=&#8221;on&#8221; _builder_version=&#8221;4.21.0&#8243; global_colors_info=&#8221;{}&#8221; button_text_size__hover_enabled=&#8221;off&#8221; button_one_text_size__hover_enabled=&#8221;off&#8221; button_two_text_size__hover_enabled=&#8221;off&#8221; button_text_color__hover_enabled=&#8221;off&#8221; button_one_text_color__hover_enabled=&#8221;off&#8221; button_two_text_color__hover_enabled=&#8221;off&#8221; button_border_width__hover_enabled=&#8221;off&#8221; button_one_border_width__hover_enabled=&#8221;off&#8221; button_two_border_width__hover_enabled=&#8221;off&#8221; button_border_color__hover_enabled=&#8221;off&#8221; button_one_border_color__hover_enabled=&#8221;off&#8221; button_two_border_color__hover_enabled=&#8221;off&#8221; button_border_radius__hover_enabled=&#8221;off&#8221; button_one_border_radius__hover_enabled=&#8221;off&#8221; button_two_border_radius__hover_enabled=&#8221;off&#8221; button_letter_spacing__hover_enabled=&#8221;off&#8221; button_one_letter_spacing__hover_enabled=&#8221;off&#8221; button_two_letter_spacing__hover_enabled=&#8221;off&#8221; button_bg_color__hover_enabled=&#8221;off&#8221; button_one_bg_color__hover_enabled=&#8221;off&#8221; button_two_bg_color__hover_enabled=&#8221;off&#8221;][\/et_pb_contact_field][et_pb_contact_field field_id=&#8221;mes&#8221; field_title=&#8221;Message&#8221; field_type=&#8221;text&#8221; fullwidth_field=&#8221;on&#8221; _builder_version=&#8221;4.21.0&#8243; global_colors_info=&#8221;{}&#8221; button_text_size__hover_enabled=&#8221;off&#8221; button_one_text_size__hover_enabled=&#8221;off&#8221; button_two_text_size__hover_enabled=&#8221;off&#8221; button_text_color__hover_enabled=&#8221;off&#8221; button_one_text_color__hover_enabled=&#8221;off&#8221; button_two_text_color__hover_enabled=&#8221;off&#8221; button_border_width__hover_enabled=&#8221;off&#8221; button_one_border_width__hover_enabled=&#8221;off&#8221; button_two_border_width__hover_enabled=&#8221;off&#8221; button_border_color__hover_enabled=&#8221;off&#8221; button_one_border_color__hover_enabled=&#8221;off&#8221; button_two_border_color__hover_enabled=&#8221;off&#8221; button_border_radius__hover_enabled=&#8221;off&#8221; button_one_border_radius__hover_enabled=&#8221;off&#8221; button_two_border_radius__hover_enabled=&#8221;off&#8221; button_letter_spacing__hover_enabled=&#8221;off&#8221; button_one_letter_spacing__hover_enabled=&#8221;off&#8221; button_two_letter_spacing__hover_enabled=&#8221;off&#8221; button_bg_color__hover_enabled=&#8221;off&#8221; button_one_bg_color__hover_enabled=&#8221;off&#8221; button_two_bg_color__hover_enabled=&#8221;off&#8221;][\/et_pb_contact_field][et_pb_contact_field field_id=&#8221;check&#8221; field_title=&#8221; &#8221; field_type=&#8221;checkbox&#8221; checkbox_options=&#8221;%91{%22value%22:%22I have read and accept the Privacy Policy%22,%22checked%22:0,%22dragID%22:-1}%93&#8243; fullwidth_field=&#8221;on&#8221; _builder_version=&#8221;4.22.2&#8243; _module_preset=&#8221;default&#8221; global_colors_info=&#8221;{}&#8221;][\/et_pb_contact_field][\/et_pb_contact_form][\/et_pb_column][\/et_pb_row][et_pb_row _builder_version=&#8221;4.22.2&#8243; _module_preset=&#8221;default&#8221; hover_enabled=&#8221;0&#8243; global_colors_info=&#8221;{}&#8221; sticky_enabled=&#8221;0&#8243;][et_pb_column type=&#8221;4_4&#8243; _builder_version=&#8221;4.21.0&#8243; _module_preset=&#8221;default&#8221; global_colors_info=&#8221;{}&#8221;][et_pb_map address=&#8221;Gran Avinguda Jaume I, 139, 12560 Benic\u00e0ssim, Castell\u00f3, Espa\u00f1a&#8221; _builder_version=&#8221;4.22.2&#8243; _module_preset=&#8221;default&#8221; hover_enabled=&#8221;0&#8243; global_colors_info=&#8221;{}&#8221; address_lat=&#8221;40.0478509&#8243; address_lng=&#8221;0.0627062&#8243; sticky_enabled=&#8221;0&#8243;][\/et_pb_map][\/et_pb_column][\/et_pb_row][\/et_pb_section]<\/p>\n","protected":false},"excerpt":{"rendered":"<p>ContactI have a question? Thank you for taking the time to contact us! We do our best to respond quickly, but due to the volume of mail we receive, it may take 2-3 days to get back to you. Address Gran Avda. Jaume I, 139, bajo.Apts. G\u00e9minis II.12560, Benic\u00e0ssim, Castell\u00f3n (Spain). Email hola@viceversa.com.esPhone +34 964 [&hellip;]<\/p>\n","protected":false},"author":1,"featured_media":2654,"parent":0,"menu_order":5,"comment_status":"closed","ping_status":"closed","template":"","meta":{"_et_pb_use_builder":"on","_et_pb_old_content":"","_et_gb_content_width":"","footnotes":""},"class_list":["post-6691","page","type-page","status-publish","has-post-thumbnail","hentry"],"yoast_head":"<!-- This site is optimized with the Yoast SEO plugin v23.5 - https:\/\/yoast.com\/wordpress\/plugins\/seo\/ -->\n<title>Contact &#8211; VICEVERSA Arquitectura &amp; Dise\u00f1o<\/title>\n<meta name=\"description\" content=\"Do you have a question? Contact us and we will do our best to respond quickly. We will be glad to assist you.\" \/>\n<meta name=\"robots\" content=\"index, follow, max-snippet:-1, max-image-preview:large, max-video-preview:-1\" \/>\n<link rel=\"canonical\" href=\"https:\/\/viceversa.com.es\/en\/contact\/\" \/>\n<meta property=\"og:locale\" content=\"en_US\" \/>\n<meta property=\"og:type\" content=\"article\" \/>\n<meta property=\"og:title\" content=\"Contact &#8211; VICEVERSA Arquitectura &amp; Dise\u00f1o\" \/>\n<meta property=\"og:description\" content=\"Do you have a question? Contact us and we will do our best to respond quickly. We will be glad to assist you.\" \/>\n<meta property=\"og:url\" content=\"https:\/\/viceversa.com.es\/en\/contact\/\" \/>\n<meta property=\"og:site_name\" content=\"VICEVERSA Arquitectura &amp; Dise\u00f1o\" \/>\n<meta property=\"article:publisher\" content=\"https:\/\/www.facebook.com\/viceversa.arquitectura\/\" \/>\n<meta property=\"article:modified_time\" content=\"2024-09-03T08:57:44+00:00\" \/>\n<meta property=\"og:image\" content=\"https:\/\/viceversa.com.es\/wp-content\/uploads\/2022\/10\/avatar_facebook_cuadrado_v3.jpg\" \/>\n\t<meta property=\"og:image:width\" content=\"425\" \/>\n\t<meta property=\"og:image:height\" content=\"425\" \/>\n\t<meta property=\"og:image:type\" content=\"image\/jpeg\" \/>\n<meta name=\"twitter:card\" content=\"summary_large_image\" \/>\n<meta name=\"twitter:label1\" content=\"Est. reading time\" \/>\n\t<meta name=\"twitter:data1\" content=\"7 minutes\" \/>\n<script type=\"application\/ld+json\" class=\"yoast-schema-graph\">{\"@context\":\"https:\/\/schema.org\",\"@graph\":[{\"@type\":\"WebPage\",\"@id\":\"https:\/\/viceversa.com.es\/en\/contact\/\",\"url\":\"https:\/\/viceversa.com.es\/en\/contact\/\",\"name\":\"Contact &#8211; VICEVERSA Arquitectura &amp; Dise\u00f1o\",\"isPartOf\":{\"@id\":\"https:\/\/viceversa.com.es\/en\/es\/#website\"},\"primaryImageOfPage\":{\"@id\":\"https:\/\/viceversa.com.es\/en\/contact\/#primaryimage\"},\"image\":{\"@id\":\"https:\/\/viceversa.com.es\/en\/contact\/#primaryimage\"},\"thumbnailUrl\":\"https:\/\/viceversa.com.es\/wp-content\/uploads\/2022\/10\/avatar_facebook_cuadrado_v3.jpg\",\"datePublished\":\"2013-12-27T11:24:59+00:00\",\"dateModified\":\"2024-09-03T08:57:44+00:00\",\"description\":\"Do you have a question? Contact us and we will do our best to respond quickly. We will be glad to assist you.\",\"breadcrumb\":{\"@id\":\"https:\/\/viceversa.com.es\/en\/contact\/#breadcrumb\"},\"inLanguage\":\"en-US\",\"potentialAction\":[{\"@type\":\"ReadAction\",\"target\":[\"https:\/\/viceversa.com.es\/en\/contact\/\"]}]},{\"@type\":\"ImageObject\",\"inLanguage\":\"en-US\",\"@id\":\"https:\/\/viceversa.com.es\/en\/contact\/#primaryimage\",\"url\":\"https:\/\/viceversa.com.es\/wp-content\/uploads\/2022\/10\/avatar_facebook_cuadrado_v3.jpg\",\"contentUrl\":\"https:\/\/viceversa.com.es\/wp-content\/uploads\/2022\/10\/avatar_facebook_cuadrado_v3.jpg\",\"width\":425,\"height\":425},{\"@type\":\"BreadcrumbList\",\"@id\":\"https:\/\/viceversa.com.es\/en\/contact\/#breadcrumb\",\"itemListElement\":[{\"@type\":\"ListItem\",\"position\":1,\"name\":\"Home\",\"item\":\"https:\/\/viceversa.com.es\/en\/home\/\"},{\"@type\":\"ListItem\",\"position\":2,\"name\":\"Contact\"}]},{\"@type\":\"WebSite\",\"@id\":\"https:\/\/viceversa.com.es\/en\/es\/#website\",\"url\":\"https:\/\/viceversa.com.es\/en\/es\/\",\"name\":\"VICEVERSA Arquitectura &amp; Dise\u00f1o\",\"description\":\"Architecture &amp; design studio\",\"publisher\":{\"@id\":\"https:\/\/viceversa.com.es\/en\/es\/#organization\"},\"potentialAction\":[{\"@type\":\"SearchAction\",\"target\":{\"@type\":\"EntryPoint\",\"urlTemplate\":\"https:\/\/viceversa.com.es\/en\/es\/?s={search_term_string}\"},\"query-input\":{\"@type\":\"PropertyValueSpecification\",\"valueRequired\":true,\"valueName\":\"search_term_string\"}}],\"inLanguage\":\"en-US\"},{\"@type\":\"Organization\",\"@id\":\"https:\/\/viceversa.com.es\/en\/es\/#organization\",\"name\":\"VICEVERSA Architecture&Design\",\"url\":\"https:\/\/viceversa.com.es\/en\/es\/\",\"logo\":{\"@type\":\"ImageObject\",\"inLanguage\":\"en-US\",\"@id\":\"https:\/\/viceversa.com.es\/en\/es\/#\/schema\/logo\/image\/\",\"url\":\"http:\/\/viceversa.com.es\/wp-content\/uploads\/2013\/12\/avatar_facebook_cuadrado_v1.jpg\",\"contentUrl\":\"http:\/\/viceversa.com.es\/wp-content\/uploads\/2013\/12\/avatar_facebook_cuadrado_v1.jpg\",\"width\":425,\"height\":425,\"caption\":\"VICEVERSA Architecture&Design\"},\"image\":{\"@id\":\"https:\/\/viceversa.com.es\/en\/es\/#\/schema\/logo\/image\/\"},\"sameAs\":[\"https:\/\/www.facebook.com\/viceversa.arquitectura\/\",\"https:\/\/www.instagram.com\/vtesalvador\",\"https:\/\/www.linkedin.com\/in\/vicentesalvador\/\",\"https:\/\/www.pinterest.es\/vicentesalvador\/\"]}]}<\/script>\n<!-- \/ Yoast SEO plugin. -->","yoast_head_json":{"title":"Contact &#8211; VICEVERSA Arquitectura &amp; Dise\u00f1o","description":"Do you have a question? Contact us and we will do our best to respond quickly. We will be glad to assist you.","robots":{"index":"index","follow":"follow","max-snippet":"max-snippet:-1","max-image-preview":"max-image-preview:large","max-video-preview":"max-video-preview:-1"},"canonical":"https:\/\/viceversa.com.es\/en\/contact\/","og_locale":"en_US","og_type":"article","og_title":"Contact &#8211; VICEVERSA Arquitectura &amp; Dise\u00f1o","og_description":"Do you have a question? Contact us and we will do our best to respond quickly. We will be glad to assist you.","og_url":"https:\/\/viceversa.com.es\/en\/contact\/","og_site_name":"VICEVERSA Arquitectura &amp; Dise\u00f1o","article_publisher":"https:\/\/www.facebook.com\/viceversa.arquitectura\/","article_modified_time":"2024-09-03T08:57:44+00:00","og_image":[{"width":425,"height":425,"url":"https:\/\/viceversa.com.es\/wp-content\/uploads\/2022\/10\/avatar_facebook_cuadrado_v3.jpg","type":"image\/jpeg"}],"twitter_card":"summary_large_image","twitter_misc":{"Est. reading time":"7 minutes"},"schema":{"@context":"https:\/\/schema.org","@graph":[{"@type":"WebPage","@id":"https:\/\/viceversa.com.es\/en\/contact\/","url":"https:\/\/viceversa.com.es\/en\/contact\/","name":"Contact &#8211; VICEVERSA Arquitectura &amp; Dise\u00f1o","isPartOf":{"@id":"https:\/\/viceversa.com.es\/en\/es\/#website"},"primaryImageOfPage":{"@id":"https:\/\/viceversa.com.es\/en\/contact\/#primaryimage"},"image":{"@id":"https:\/\/viceversa.com.es\/en\/contact\/#primaryimage"},"thumbnailUrl":"https:\/\/viceversa.com.es\/wp-content\/uploads\/2022\/10\/avatar_facebook_cuadrado_v3.jpg","datePublished":"2013-12-27T11:24:59+00:00","dateModified":"2024-09-03T08:57:44+00:00","description":"Do you have a question? Contact us and we will do our best to respond quickly. We will be glad to assist you.","breadcrumb":{"@id":"https:\/\/viceversa.com.es\/en\/contact\/#breadcrumb"},"inLanguage":"en-US","potentialAction":[{"@type":"ReadAction","target":["https:\/\/viceversa.com.es\/en\/contact\/"]}]},{"@type":"ImageObject","inLanguage":"en-US","@id":"https:\/\/viceversa.com.es\/en\/contact\/#primaryimage","url":"https:\/\/viceversa.com.es\/wp-content\/uploads\/2022\/10\/avatar_facebook_cuadrado_v3.jpg","contentUrl":"https:\/\/viceversa.com.es\/wp-content\/uploads\/2022\/10\/avatar_facebook_cuadrado_v3.jpg","width":425,"height":425},{"@type":"BreadcrumbList","@id":"https:\/\/viceversa.com.es\/en\/contact\/#breadcrumb","itemListElement":[{"@type":"ListItem","position":1,"name":"Home","item":"https:\/\/viceversa.com.es\/en\/home\/"},{"@type":"ListItem","position":2,"name":"Contact"}]},{"@type":"WebSite","@id":"https:\/\/viceversa.com.es\/en\/es\/#website","url":"https:\/\/viceversa.com.es\/en\/es\/","name":"VICEVERSA Arquitectura &amp; Dise\u00f1o","description":"Architecture &amp; design studio","publisher":{"@id":"https:\/\/viceversa.com.es\/en\/es\/#organization"},"potentialAction":[{"@type":"SearchAction","target":{"@type":"EntryPoint","urlTemplate":"https:\/\/viceversa.com.es\/en\/es\/?s={search_term_string}"},"query-input":{"@type":"PropertyValueSpecification","valueRequired":true,"valueName":"search_term_string"}}],"inLanguage":"en-US"},{"@type":"Organization","@id":"https:\/\/viceversa.com.es\/en\/es\/#organization","name":"VICEVERSA Architecture&Design","url":"https:\/\/viceversa.com.es\/en\/es\/","logo":{"@type":"ImageObject","inLanguage":"en-US","@id":"https:\/\/viceversa.com.es\/en\/es\/#\/schema\/logo\/image\/","url":"http:\/\/viceversa.com.es\/wp-content\/uploads\/2013\/12\/avatar_facebook_cuadrado_v1.jpg","contentUrl":"http:\/\/viceversa.com.es\/wp-content\/uploads\/2013\/12\/avatar_facebook_cuadrado_v1.jpg","width":425,"height":425,"caption":"VICEVERSA Architecture&Design"},"image":{"@id":"https:\/\/viceversa.com.es\/en\/es\/#\/schema\/logo\/image\/"},"sameAs":["https:\/\/www.facebook.com\/viceversa.arquitectura\/","https:\/\/www.instagram.com\/vtesalvador","https:\/\/www.linkedin.com\/in\/vicentesalvador\/","https:\/\/www.pinterest.es\/vicentesalvador\/"]}]}},"_links":{"self":[{"href":"https:\/\/viceversa.com.es\/en\/wp-json\/wp\/v2\/pages\/6691"}],"collection":[{"href":"https:\/\/viceversa.com.es\/en\/wp-json\/wp\/v2\/pages"}],"about":[{"href":"https:\/\/viceversa.com.es\/en\/wp-json\/wp\/v2\/types\/page"}],"author":[{"embeddable":true,"href":"https:\/\/viceversa.com.es\/en\/wp-json\/wp\/v2\/users\/1"}],"replies":[{"embeddable":true,"href":"https:\/\/viceversa.com.es\/en\/wp-json\/wp\/v2\/comments?post=6691"}],"version-history":[{"count":2,"href":"https:\/\/viceversa.com.es\/en\/wp-json\/wp\/v2\/pages\/6691\/revisions"}],"predecessor-version":[{"id":6693,"href":"https:\/\/viceversa.com.es\/en\/wp-json\/wp\/v2\/pages\/6691\/revisions\/6693"}],"wp:featuredmedia":[{"embeddable":true,"href":"https:\/\/viceversa.com.es\/en\/wp-json\/wp\/v2\/media\/2654"}],"wp:attachment":[{"href":"https:\/\/viceversa.com.es\/en\/wp-json\/wp\/v2\/media?parent=6691"}],"curies":[{"name":"wp","href":"https:\/\/api.w.org\/{rel}","templated":true}]}}